{"id":270,"date":"2013-04-01T12:14:38","date_gmt":"2013-04-01T10:14:38","guid":{"rendered":"http:\/\/und-fuehre-mich.de\/?page_id=270"},"modified":"2013-04-02T07:43:31","modified_gmt":"2013-04-02T05:43:31","slug":"gastebuch","status":"publish","type":"page","link":"http:\/\/und-fuehre-mich.de\/?page_id=270","title":{"rendered":"G\u00e4stebuch"},"content":{"rendered":"<p>Das G\u00e4stebuch freut sich \u00fcber jeden Eintrag.<\/p>\n","protected":false},"excerpt":{"rendered":"<p>Das G\u00e4stebuch freut sich \u00fcber jeden Eintrag.<\/p>\n","protected":false},"author":1,"featured_media":0,"parent":0,"menu_order":0,"comment_status":"open","ping_status":"open","template":"","meta":[],"_links":{"self":[{"href":"http:\/\/und-fuehre-mich.de\/index.php?rest_route=\/wp\/v2\/pages\/270"}],"collection":[{"href":"http:\/\/und-fuehre-mich.de\/index.php?rest_route=\/wp\/v2\/pages"}],"about":[{"href":"http:\/\/und-fuehre-mich.de\/index.php?rest_route=\/wp\/v2\/types\/page"}],"author":[{"embeddable":true,"href":"http:\/\/und-fuehre-mich.de\/index.php?rest_route=\/wp\/v2\/users\/1"}],"replies":[{"embeddable":true,"href":"http:\/\/und-fuehre-mich.de\/index.php?rest_route=%2Fwp%2Fv2%2Fcomments&post=270"}],"version-history":[{"count":5,"href":"http:\/\/und-fuehre-mich.de\/index.php?rest_route=\/wp\/v2\/pages\/270\/revisions"}],"predecessor-version":[{"id":298,"href":"http:\/\/und-fuehre-mich.de\/index.php?rest_route=\/wp\/v2\/pages\/270\/revisions\/298"}],"wp:attachment":[{"href":"http:\/\/und-fuehre-mich.de\/index.php?rest_route=%2Fwp%2Fv2%2Fmedia&parent=270"}],"curies":[{"name":"wp","href":"https:\/\/api.w.org\/{rel}","templated":true}]}}